{"id":1041,"date":"2014-07-30T16:14:50","date_gmt":"2014-07-30T16:14:50","guid":{"rendered":"http:\/\/seowptheme.com\/?page_id=1041"},"modified":"2014-10-28T16:59:48","modified_gmt":"2014-10-28T19:59:48","slug":"home-ver2","status":"publish","type":"page","link":"https:\/\/silice.biz\/en\/","title":{"rendered":"Home"},"content":{"rendered":"\n\t\t<!-- MasterSlider -->\n\t\t<div id=\"P_MS69f37a5c0e1cb\" class=\"master-slider-parent ms-parent-id-5\"  >\n\t\t\t\t\n\t\t\t\n\t\t\t<!-- MasterSlider Main -->\n\t\t\t<div id=\"MS69f37a5c0e1cb\" class=\"master-slider ms-skin-light-3\" >\n\t\t\t\t \t\t\t\t \n\t\t\t\t<div  class=\"ms-slide\" data-delay=\"5\" data-fill-mode=\"fill\"  >\n\t\t\t\t\t<img decoding=\"async\" src=\"https:\/\/silice.biz\/wp-content\/plugins\/masterslider\/public\/assets\/js\/blank.gif\" alt=\"\" title=\"\" data-src=\"https:\/\/silice.biz\/wp-content\/uploads\/2014\/10\/gris.jpg\" \/>\n\n\t\t\t\t\t<div  class=\"ms-layer  msp-cn-5-31\" style=\"\"  data-effect=\"t(true,n,-500,n,n,n,n,n,n,n,n,n,n,n,n)\" data-duration=\"1400\" data-delay=\"1387\" data-ease=\"easeOutBack\"                data-offset-x=\"47\" data-offset-y=\"212\" data-origin=\"tr\" >\nDesarrollos Web\u00a0<br \/>Software Desktop\u00a0<br \/>Mobile App<\/div>\n\n\t\t\t\t\t<div  class=\"ms-layer  msp-cn-5-16\" style=\"\"  data-effect=\"t(true,n,-500,n,n,n,n,n,n,n,n,n,n,n,n)\" data-duration=\"1425\" data-delay=\"875\" data-ease=\"easeOutBack\"                data-offset-x=\"47\" data-offset-y=\"87\" data-origin=\"tr\" >\n<p>Software Factory<\/p><\/div>\n\n\t\t\t\t\t<div  class=\"ms-layer  msp-cn-5-1\" style=\"\"  data-effect=\"t(true,n,-500,n,n,n,n,n,n,n,n,n,n,n,n)\" data-duration=\"1437\" data-delay=\"312\" data-ease=\"easeOutBack\"                data-offset-x=\"47\" data-offset-y=\"141\" data-origin=\"tr\" >\nAmamos el C\u00f3digo<\/div>\n\n\t\t\t\t\t<img decoding=\"async\"  class=\"ms-layer\" src=\"https:\/\/silice.biz\/wp-content\/plugins\/masterslider\/public\/assets\/js\/blank.gif\" data-src=\"https:\/\/silice.biz\/wp-content\/uploads\/falt-illustration-imac.png\" alt=\"\" style=\"\" data-effect=\"t(true,-500,n,n,n,n,n,n,n,n,n,n,n,n,n)\" data-duration=\"1250\"  data-ease=\"easeOutQuint\"        data-type=\"image\"         data-offset-x=\"48\" data-offset-y=\"142\" data-origin=\"tl\" \/>\n\n\t\t\t\t\t<img decoding=\"async\"  class=\"ms-layer\" src=\"https:\/\/silice.biz\/wp-content\/plugins\/masterslider\/public\/assets\/js\/blank.gif\" data-src=\"https:\/\/silice.biz\/wp-content\/uploads\/flat-illustration-macbook.png\" alt=\"\" style=\"\" data-effect=\"t(true,-500,n,n,n,n,n,n,n,n,n,n,n,n,n)\" data-duration=\"1225\" data-delay=\"425\" data-ease=\"easeOutQuint\"        data-type=\"image\"         data-offset-x=\"252\" data-offset-y=\"264\" data-origin=\"tl\" \/>\n\n\t\t\t\t\t<img decoding=\"async\"  class=\"ms-layer\" src=\"https:\/\/silice.biz\/wp-content\/plugins\/masterslider\/public\/assets\/js\/blank.gif\" data-src=\"https:\/\/silice.biz\/wp-content\/uploads\/flat-illustration-ipadmini.png\" alt=\"\" style=\"\" data-effect=\"t(true,-500,n,n,n,n,n,n,n,n,n,n,n,n,n)\" data-duration=\"1212\" data-delay=\"887\" data-ease=\"easeOutQuint\"        data-type=\"image\"         data-offset-x=\"482\" data-offset-y=\"245\" data-origin=\"tl\" \/>\n\n\t\t\t\t\t<img decoding=\"async\"  class=\"ms-layer\" src=\"https:\/\/silice.biz\/wp-content\/plugins\/masterslider\/public\/assets\/js\/blank.gif\" data-src=\"https:\/\/silice.biz\/wp-content\/uploads\/flat-illustration-iphone.png\" alt=\"\" style=\"\" data-effect=\"t(true,-500,n,n,n,n,n,n,n,n,n,n,n,n,n)\" data-duration=\"1225\" data-delay=\"1375\" data-ease=\"easeOutQuint\"        data-type=\"image\"         data-offset-x=\"576\" data-offset-y=\"265\" data-origin=\"tl\" \/>\n\n\n\t\t\t\t<\/div>\n\t\t\t\t<div  class=\"ms-slide\" data-delay=\"5\" data-fill-mode=\"fill\"  >\n\t\t\t\t\t<img decoding=\"async\" src=\"https:\/\/silice.biz\/wp-content\/plugins\/masterslider\/public\/assets\/js\/blank.gif\" alt=\"\" title=\"\" data-src=\"https:\/\/silice.biz\/wp-content\/uploads\/2014\/10\/amarillo.jpg\" \/>\n\n\t\t\t\t\t<img decoding=\"async\"  class=\"ms-layer\" src=\"https:\/\/silice.biz\/wp-content\/plugins\/masterslider\/public\/assets\/js\/blank.gif\" data-src=\"https:\/\/silice.biz\/wp-content\/uploads\/2015\/08\/banner-3-nuevo.png\" alt=\"\" style=\"\" data-effect=\"t(true,500,n,n,n,n,n,n,n,n,n,n,n,n,n)\" data-duration=\"1100\" data-delay=\"137\" data-ease=\"easeOutQuint\"        data-type=\"image\"         data-offset-x=\"591\" data-offset-y=\"0\" data-origin=\"tl\" \/>\n\n\t\t\t\t\t<img decoding=\"async\"  class=\"ms-layer\" src=\"https:\/\/silice.biz\/wp-content\/plugins\/masterslider\/public\/assets\/js\/blank.gif\" data-src=\"https:\/\/silice.biz\/wp-content\/uploads\/2015\/08\/banner-4-nuevo.png\" alt=\"\" style=\"\" data-effect=\"t(true,500,n,n,n,n,n,n,n,n,n,n,n,n,n)\" data-duration=\"1400\" data-delay=\"587\" data-ease=\"easeOutQuint\"        data-type=\"image\"         data-offset-x=\"300\" data-offset-y=\"26\" data-origin=\"tl\" \/>\n\n\t\t\t\t\t<div  class=\"ms-layer  msp-cn-5-10\" style=\"\"  data-effect=\"t(true,n,-500,n,n,n,n,n,n,n,n,n,n,n,n)\" data-duration=\"1075\" data-delay=\"462\" data-ease=\"easeOutBack\"                data-offset-x=\"35\" data-offset-y=\"296\" data-origin=\"tl\" >\nOutsourcing de Recursos TI<\/div>\n\n\t\t\t\t\t<div  class=\"ms-layer  msp-cn-5-14\" style=\"\"  data-effect=\"t(true,n,-500,n,n,n,n,n,n,n,n,n,n,n,n)\"  data-delay=\"1062\" data-ease=\"easeOutBack\"                data-offset-x=\"35\" data-offset-y=\"242\" data-origin=\"tl\" >\nExperiencia y Calidad<\/div>\n\n\t\t\t\t\t<div  class=\"ms-layer  msp-cn-5-8\" style=\"\"  data-effect=\"t(true,n,-500,n,n,n,n,n,n,n,n,n,n,n,n)\" data-duration=\"1137\" data-delay=\"1287\" data-ease=\"easeOutBack\"                data-offset-x=\"35\" data-offset-y=\"367\" data-origin=\"tl\" >\nSumamos a tu equipo especialistas <br \/>en desarrollo, testing e infraestructura.<\/div>\n\n\n\t\t\t\t<\/div>\n\t\t\t\t<div  class=\"ms-slide\" data-delay=\"5\" data-fill-mode=\"fill\"  >\n\t\t\t\t\t<img decoding=\"async\" src=\"https:\/\/silice.biz\/wp-content\/plugins\/masterslider\/public\/assets\/js\/blank.gif\" alt=\"\" title=\"\" data-src=\"https:\/\/silice.biz\/wp-content\/uploads\/2014\/10\/celeste5.jpg\" \/>\n\n\t\t\t\t\t<img decoding=\"async\"  class=\"ms-layer\" src=\"https:\/\/silice.biz\/wp-content\/plugins\/masterslider\/public\/assets\/js\/blank.gif\" data-src=\"https:\/\/silice.biz\/wp-content\/uploads\/2014\/10\/consulting3.png\" alt=\"\" style=\"\" data-effect=\"t(true,-500,n,n,n,n,n,n,n,n,n,n,n,n,n)\" data-duration=\"1400\" data-delay=\"587\" data-ease=\"easeOutQuint\"        data-type=\"image\"         data-offset-x=\"0\" data-offset-y=\"0\" data-origin=\"tl\" \/>\n\n\t\t\t\t\t<div  class=\"ms-layer  msp-cn-5-27\" style=\"\"  data-effect=\"t(true,n,-500,n,n,n,n,n,n,n,n,n,n,n,n)\" data-duration=\"1075\" data-delay=\"462\" data-ease=\"easeOutBack\"                data-offset-x=\"27\" data-offset-y=\"221\" data-origin=\"tr\" >\nConsultor\u00edas TI<\/div>\n\n\t\t\t\t\t<div  class=\"ms-layer  msp-cn-5-28\" style=\"\"  data-effect=\"t(true,n,-500,n,n,n,n,n,n,n,n,n,n,n,n)\"  data-delay=\"1062\" data-ease=\"easeOutBack\"                data-offset-x=\"27\" data-offset-y=\"167\" data-origin=\"tr\" >\nDiagn\u00f3stico y Asesoramiento<\/div>\n\n\t\t\t\t\t<div  class=\"ms-layer  msp-cn-5-26\" style=\"\"  data-effect=\"t(true,n,-500,n,n,n,n,n,n,n,n,n,n,n,n)\" data-duration=\"1137\" data-delay=\"1287\" data-ease=\"easeOutBack\"                data-offset-x=\"27\" data-offset-y=\"292\" data-origin=\"tr\" >\nTe decimos como esta tu Tecnolog\u00eda <br \/>y a donde podes llegar.<\/div>\n\n\n\t\t\t\t<\/div>\n\t\t\t\t<div  class=\"ms-slide\" data-delay=\"5\" data-fill-mode=\"fill\"  >\n\t\t\t\t\t<img decoding=\"async\" src=\"https:\/\/silice.biz\/wp-content\/plugins\/masterslider\/public\/assets\/js\/blank.gif\" alt=\"\" title=\"\" data-src=\"https:\/\/silice.biz\/wp-content\/uploads\/2014\/10\/naranja.jpg\" \/>\n\n\t\t\t\t\t<img decoding=\"async\"  class=\"ms-layer\" src=\"https:\/\/silice.biz\/wp-content\/plugins\/masterslider\/public\/assets\/js\/blank.gif\" data-src=\"https:\/\/silice.biz\/wp-content\/uploads\/2015\/08\/banner-5-nuevo.png\" alt=\"\" style=\"\" data-effect=\"t(true,500,n,n,n,n,n,n,n,n,n,n,n,n,n)\" data-duration=\"1100\" data-delay=\"137\" data-ease=\"easeOutQuint\"        data-type=\"image\"         data-offset-x=\"200\" data-offset-y=\"-16\" data-origin=\"tl\" \/>\n\n\t\t\t\t\t<div  class=\"ms-layer  msp-cn-5-33\" style=\"\"  data-effect=\"t(true,n,-500,n,n,n,n,n,n,n,n,n,n,n,n)\" data-duration=\"1075\" data-delay=\"462\" data-ease=\"easeOutBack\"                data-offset-x=\"36\" data-offset-y=\"249\" data-origin=\"tl\" >\nGesti\u00f3n de Tecnolog\u00eda<\/div>\n\n\t\t\t\t\t<div  class=\"ms-layer  msp-cn-5-34\" style=\"\"  data-effect=\"t(true,n,-500,n,n,n,n,n,n,n,n,n,n,n,n)\"  data-delay=\"1062\" data-ease=\"easeOutBack\"                data-offset-x=\"36\" data-offset-y=\"195\" data-origin=\"tl\" >\nPlanes a Medida<\/div>\n\n\t\t\t\t\t<div  class=\"ms-layer  msp-cn-5-32\" style=\"\"  data-effect=\"t(true,n,-500,n,n,n,n,n,n,n,n,n,n,n,n)\" data-duration=\"1137\" data-delay=\"1287\" data-ease=\"easeOutBack\"                data-offset-x=\"36\" data-offset-y=\"320\" data-origin=\"tl\" >\nSelecci\u00f3n e Implementaci\u00f3n de Tecnolog\u00edas<br \/>Gesti\u00f3n de Proyectos<br \/>Administraci\u00f3n de Redes<br \/>Seguridad Inform\u00e1tica<br \/>Integraci\u00f3n de Sistemas<\/div>\n\n\n\t\t\t\t<\/div>\n\t\t\t\t<div  class=\"ms-slide\" data-delay=\"5\" data-fill-mode=\"fill\"  >\n\t\t\t\t\t<img decoding=\"async\" src=\"https:\/\/silice.biz\/wp-content\/plugins\/masterslider\/public\/assets\/js\/blank.gif\" alt=\"\" title=\"\" data-src=\"https:\/\/silice.biz\/wp-content\/uploads\/2014\/10\/verde.jpg\" \/>\n\n\t\t\t\t\t<img decoding=\"async\"  class=\"ms-layer\" src=\"https:\/\/silice.biz\/wp-content\/plugins\/masterslider\/public\/assets\/js\/blank.gif\" data-src=\"https:\/\/silice.biz\/wp-content\/uploads\/2015\/08\/banner-2-nuevo.png\" alt=\"\" style=\"\" data-effect=\"t(true,-500,n,n,n,n,n,n,n,n,n,n,n,n,n)\" data-duration=\"1400\" data-delay=\"587\" data-ease=\"easeOutQuint\"        data-type=\"image\"         data-offset-x=\"306\" data-offset-y=\"37\" data-origin=\"tl\" \/>\n\n\t\t\t\t\t<div  class=\"ms-layer  msp-cn-5-38\" style=\"\"  data-effect=\"t(true,n,-500,n,n,n,n,n,n,n,n,n,n,n,n)\" data-duration=\"1075\" data-delay=\"462\" data-ease=\"easeOutBack\"                data-offset-x=\"18\" data-offset-y=\"260\" data-origin=\"tr\" >\nEmpresa B certificada<\/div>\n\n\t\t\t\t\t<div  class=\"ms-layer  msp-cn-5-39\" style=\"\"  data-effect=\"t(true,n,-500,n,n,n,n,n,n,n,n,n,n,n,n)\"  data-delay=\"1062\" data-ease=\"easeOutBack\"                data-offset-x=\"18\" data-offset-y=\"172\" data-origin=\"tr\" >\nResponsabilidad Social <br \/>Empresaria<\/div>\n\n\t\t\t\t\t<div  class=\"ms-layer  msp-cn-5-37\" style=\"\"  data-effect=\"t(true,n,-500,n,n,n,n,n,n,n,n,n,n,n,n)\" data-duration=\"1137\" data-delay=\"1287\" data-ease=\"easeOutBack\"                data-offset-x=\"18\" data-offset-y=\"331\" data-origin=\"tr\" >\nFormamos parte de un nuevo ADN <br \/>Empresarial\u00a0<br \/>Usamos los negocios como una <br \/>fuerza para el Bien comun<\/div>\n\n\t\t\t\t\t<img decoding=\"async\"  class=\"ms-layer\" src=\"https:\/\/silice.biz\/wp-content\/plugins\/masterslider\/public\/assets\/js\/blank.gif\" data-src=\"https:\/\/silice.biz\/wp-content\/uploads\/2014\/10\/b-corp-w.png\" alt=\"\" style=\"\" data-effect=\"t(true,n,n,1500,n,n,n,n,n,n,n,n,n,n,n)\" data-duration=\"1112\" data-delay=\"1300\" data-ease=\"easeOutQuint\"        data-type=\"image\"         data-offset-x=\"101\" data-offset-y=\"37\" data-origin=\"tl\" \/>\n\n\n\t\t\t\t<\/div>\n\n\t\t\t<\/div>\n\t\t\t<!-- END MasterSlider Main -->\n\n\t\t\t \n\t\t<\/div>\n\t\t<!-- END MasterSlider --> \n\t\t\n\t\t<script>\n\t\t(function ( $ ) {\n\t\t\t\"use strict\";\n\n\t\t\t$(function () {\n\t\t\t\tvar masterslider_e1cb = new MasterSlider();\n\n\t\t\t\t\/\/ slider controls\n\t\t\t\tmasterslider_e1cb.control('arrows'     ,{ autohide:true, overVideo:true  });                    \n\t\t\t\tmasterslider_e1cb.control('bullets'    ,{ autohide:true, overVideo:true, dir:'h', align:'bottom', space:5 , margin:10  });\n\t\t\t\tmasterslider_e1cb.control('circletimer',{ autohide:false, overVideo:true, color:'#272727', radius:10, stroke:2   });\n\t\t\t\tmasterslider_e1cb.control('timebar'    ,{ autohide:false, overVideo:true, align:'bottom', color:'#4c4c4c'  , width:2 });\n\t\t\t\t\/\/ slider setup\n\t\t\t\tmasterslider_e1cb.setup(\"MS69f37a5c0e1cb\", {\n\t\t\t\t\t\twidth           : 1000,\n\t\t\t\t\t\theight          : 500,\n\t\t\t\t\t\tspace           : 0,\n\t\t\t\t\t\tstart           : 1,\n\t\t\t\t\t\tgrabCursor      : true,\n\t\t\t\t\t\tswipe           : true,\n\t\t\t\t\t\tmouse           : true,\n\t\t\t\t\t\tlayout          : \"fullwidth\", \n\t\t\t\t\t\twheel           : false,\n\t\t\t\t\t\tautoplay        : true,\n\t\t\t\t\t\tinstantStartLayers:false,\n\t\t\t\t\t\tloop            : true,\n\t\t\t\t\t\tshuffle         : false,\n\t\t\t\t\t\tpreload         : 2,\n\t\t\t\t\t\theightLimit     : true,\n\t\t\t\t\t\tautoHeight      : false,\n\t\t\t\t\t\tsmoothHeight    : true,\n\t\t\t\t\t\tendPause        : false,\n\t\t\t\t\t\toverPause       : true,\n\t\t\t\t\t\tfillMode        : \"fill\", \n\t\t\t\t\t\tcenterControls  : false,\n\t\t\t\t\t\tlayersMode      : \"center\", \n\t\t\t\t\t\thideLayers      : false, \n\t\t\t\t\t\tfullscreenMargin: 0,\n\t\t\t\t\t\tspeed           : 50, \n\t\t\t\t\t\tdir             : \"h\", \n\t\t\t\t\t\tparallaxMode    : 'swipe',\n\t\t\t\t\t\tview            : \"mask\"\n\t\t\t\t});\n\t\t\t\t\n\n\t\t\t\t\n\t\t\t\t$(\"head\").append( \"<link rel='stylesheet' id='ms-fonts'  href='\/\/fonts.googleapis.com\/css?family=Lato:300,regular' type='text\/css' media='all' \/>\" );\n\n\t\t\t\twindow.masterslider_instances = window.masterslider_instances || {};\n\t\t\t\twindow.masterslider_instances[\"5_e1cb\"] = masterslider_e1cb;\n\t\t\t });\n\t\t\t\n\t\t})(jQuery);\n\t\t<\/script> \n\t\t\n\n","protected":false},"excerpt":{"rendered":"","protected":false},"author":1,"featured_media":0,"parent":0,"menu_order":0,"comment_status":"closed","ping_status":"closed","template":"","meta":{"footnotes":""},"class_list":["post-1041","page","type-page","status-publish","hentry"],"_links":{"self":[{"href":"https:\/\/silice.biz\/en\/wp-json\/wp\/v2\/pages\/1041","targetHints":{"allow":["GET"]}}],"collection":[{"href":"https:\/\/silice.biz\/en\/wp-json\/wp\/v2\/pages"}],"about":[{"href":"https:\/\/silice.biz\/en\/wp-json\/wp\/v2\/types\/page"}],"author":[{"embeddable":true,"href":"https:\/\/silice.biz\/en\/wp-json\/wp\/v2\/users\/1"}],"replies":[{"embeddable":true,"href":"https:\/\/silice.biz\/en\/wp-json\/wp\/v2\/comments?post=1041"}],"version-history":[{"count":7,"href":"https:\/\/silice.biz\/en\/wp-json\/wp\/v2\/pages\/1041\/revisions"}],"predecessor-version":[{"id":1361,"href":"https:\/\/silice.biz\/en\/wp-json\/wp\/v2\/pages\/1041\/revisions\/1361"}],"wp:attachment":[{"href":"https:\/\/silice.biz\/en\/wp-json\/wp\/v2\/media?parent=1041"}],"curies":[{"name":"wp","href":"https:\/\/api.w.org\/{rel}","templated":true}]}}